{"id":505,"date":"2022-07-12T14:19:40","date_gmt":"2022-07-12T17:19:40","guid":{"rendered":"http:\/\/jvitorwolfart.pinheirasc.com\/?page_id=505"},"modified":"2025-03-04T10:01:10","modified_gmt":"2025-03-04T13:01:10","slug":"minhas-conquistas","status":"publish","type":"page","link":"https:\/\/jvitorwolfart.pinheirasc.com\/index.php\/minhas-conquistas\/","title":{"rendered":"Minhas conquistas"},"content":{"rendered":"\n<p>Nesta se\u00e7\u00e3o est\u00e3o as minhas principais conquistas que  muito me orgulho, nas olimp\u00edadas de matem\u00e1tica que participei. Foram elas:<\/p>\n\n\n\n<p><\/p>\n\n\n<section class=\"gutentor-post-module section-1f4e3e14-00e0-4d04-bcbb-07ec28b4a749 gutentor-post-module-p1 gutentor_p1_template1 wp-block-gutentor-p1 gutentor-blog-list\" id=\"1f4e3e14-00e0-4d04-bcbb-07ec28b4a749\" data-gbid=\"1f4e3e14-00e0-4d04-bcbb-07ec28b4a749\" >\n<div class='grid-container'><div class='grid-row' ><article class='gutentor-post'><div class='gutentor-post-item'><div class='gutentor-post-image-box'><div class=\"gutentor-image-thumb\"><img loading=\"lazy\" width=\"2560\" height=\"1757\" src=\"https:\/\/jvitorwolfart.pinheirasc.com\/wp-content\/uploads\/2025\/04\/Nestle-scaled.jpg\" class=\"attachment-full size-full wp-post-image\" alt=\"\" loading=\"lazy\" srcset=\"https:\/\/jvitorwolfart.pinheirasc.com\/wp-content\/uploads\/2025\/04\/Nestle-scaled.jpg 2560w, https:\/\/jvitorwolfart.pinheirasc.com\/wp-content\/uploads\/2025\/04\/Nestle-300x206.jpg 300w, https:\/\/jvitorwolfart.pinheirasc.com\/wp-content\/uploads\/2025\/04\/Nestle-1024x703.jpg 1024w, https:\/\/jvitorwolfart.pinheirasc.com\/wp-content\/uploads\/2025\/04\/Nestle-768x527.jpg 768w, https:\/\/jvitorwolfart.pinheirasc.com\/wp-content\/uploads\/2025\/04\/Nestle-1536x1054.jpg 1536w, https:\/\/jvitorwolfart.pinheirasc.com\/wp-content\/uploads\/2025\/04\/Nestle-2048x1406.jpg 2048w\" sizes=\"100vw\" \/><\/div><\/div><div class=\"gutentor-post-content\"><div class=\"gutentor-post-title-data-wrap\"><h3 class=\"gutentor-post-title\"><a href=\"https:\/\/jvitorwolfart.pinheirasc.com\/index.php\/2025\/04\/20\/nestle-primeira-promocao\/\" rel=\"bookmark\">Minha primeira promo\u00e7\u00e3o na Nestl\u00e9<\/a><\/h3><\/div><div class=\"gutentor-post-desc\">Ap\u00f3s quase 10 meses trabalhando como Assistente, recebi minha primeira promo\u00e7\u00e3o para Analista Jr. N\u00e3o posso agradecer o suficiente a Nestl\u00e9 por ter me proporcionado essa oportunidade&hellip;<\/div><a class=\"gutentor-button gutentor-post-button gutentor-icon-after\"  href=\"https:\/\/jvitorwolfart.pinheirasc.com\/index.php\/2025\/04\/20\/nestle-primeira-promocao\/\" href=\"https:\/\/jvitorwolfart.pinheirasc.com\/index.php\/2025\/04\/20\/nestle-primeira-promocao\/\"><i class=\"gutentor-button-icon fas fa-trophy\" ><\/i><span>Leia mais&#8230;<\/span><\/a><\/div><\/div><\/article><article class='gutentor-post'><div class='gutentor-post-item'><div class='gutentor-post-image-box'><div class=\"gutentor-image-thumb\"><img loading=\"lazy\" width=\"2100\" height=\"1450\" src=\"https:\/\/jvitorwolfart.pinheirasc.com\/wp-content\/uploads\/2025\/03\/reconhecimento-nestle-1.png\" class=\"attachment-full size-full wp-post-image\" alt=\"Reconhecimento Nestl\u00e9\" loading=\"lazy\" srcset=\"https:\/\/jvitorwolfart.pinheirasc.com\/wp-content\/uploads\/2025\/03\/reconhecimento-nestle-1.png 2100w, https:\/\/jvitorwolfart.pinheirasc.com\/wp-content\/uploads\/2025\/03\/reconhecimento-nestle-1-300x207.png 300w, https:\/\/jvitorwolfart.pinheirasc.com\/wp-content\/uploads\/2025\/03\/reconhecimento-nestle-1-1024x707.png 1024w, https:\/\/jvitorwolfart.pinheirasc.com\/wp-content\/uploads\/2025\/03\/reconhecimento-nestle-1-768x530.png 768w, https:\/\/jvitorwolfart.pinheirasc.com\/wp-content\/uploads\/2025\/03\/reconhecimento-nestle-1-1536x1061.png 1536w, https:\/\/jvitorwolfart.pinheirasc.com\/wp-content\/uploads\/2025\/03\/reconhecimento-nestle-1-2048x1414.png 2048w\" sizes=\"100vw\" \/><\/div><\/div><div class=\"gutentor-post-content\"><div class=\"gutentor-post-title-data-wrap\"><h3 class=\"gutentor-post-title\"><a href=\"https:\/\/jvitorwolfart.pinheirasc.com\/index.php\/2025\/03\/04\/reconhecimento-de-performance-nestle\/\" rel=\"bookmark\">Reconhecimento de Performance &#8211; Nestl\u00e9<\/a><\/h3><\/div><div class=\"gutentor-post-desc\">reconhecimento pela performance no trabalho desenvolvido na Nestl\u00e9 no ano de 2024&hellip;<\/div><a class=\"gutentor-button gutentor-post-button gutentor-icon-after\"  href=\"https:\/\/jvitorwolfart.pinheirasc.com\/index.php\/2025\/03\/04\/reconhecimento-de-performance-nestle\/\" href=\"https:\/\/jvitorwolfart.pinheirasc.com\/index.php\/2025\/03\/04\/reconhecimento-de-performance-nestle\/\"><i class=\"gutentor-button-icon fas fa-trophy\" ><\/i><span>Leia mais&#8230;<\/span><\/a><\/div><\/div><\/article><article class='gutentor-post'><div class='gutentor-post-item'><div class='gutentor-post-image-box'><div class=\"gutentor-image-thumb\"><img loading=\"lazy\" width=\"620\" height=\"430\" src=\"https:\/\/jvitorwolfart.pinheirasc.com\/wp-content\/uploads\/2024\/06\/nestle-logo.png\" class=\"attachment-full size-full wp-post-image\" alt=\"\" loading=\"lazy\" srcset=\"https:\/\/jvitorwolfart.pinheirasc.com\/wp-content\/uploads\/2024\/06\/nestle-logo.png 620w, https:\/\/jvitorwolfart.pinheirasc.com\/wp-content\/uploads\/2024\/06\/nestle-logo-300x208.png 300w\" sizes=\"100vw\" \/><\/div><\/div><div class=\"gutentor-post-content\"><div class=\"gutentor-post-title-data-wrap\"><h3 class=\"gutentor-post-title\"><a href=\"https:\/\/jvitorwolfart.pinheirasc.com\/index.php\/2024\/06\/09\/nestle\/\" rel=\"bookmark\">Meu Primeiro Emprego &#8211; Nestl\u00e9<\/a><\/h3><\/div><div class=\"gutentor-post-desc\">Um pouco sobre minha primeira oportunidade no mercado de trabalho.&hellip;<\/div><a class=\"gutentor-button gutentor-post-button gutentor-icon-after\"  href=\"https:\/\/jvitorwolfart.pinheirasc.com\/index.php\/2024\/06\/09\/nestle\/\" href=\"https:\/\/jvitorwolfart.pinheirasc.com\/index.php\/2024\/06\/09\/nestle\/\"><i class=\"gutentor-button-icon fas fa-trophy\" ><\/i><span>Leia mais&#8230;<\/span><\/a><\/div><\/div><\/article><article class='gutentor-post'><div class='gutentor-post-item'><div class='gutentor-post-image-box'><div class=\"gutentor-image-thumb\"><img loading=\"lazy\" width=\"2560\" height=\"1467\" src=\"https:\/\/jvitorwolfart.pinheirasc.com\/wp-content\/uploads\/2024\/04\/BE-2_-_Joao_Vitor_Wolfart_page-0001-scaled.jpg\" class=\"attachment-full size-full wp-post-image\" alt=\"\" loading=\"lazy\" srcset=\"https:\/\/jvitorwolfart.pinheirasc.com\/wp-content\/uploads\/2024\/04\/BE-2_-_Joao_Vitor_Wolfart_page-0001-scaled.jpg 2560w, https:\/\/jvitorwolfart.pinheirasc.com\/wp-content\/uploads\/2024\/04\/BE-2_-_Joao_Vitor_Wolfart_page-0001-300x172.jpg 300w, https:\/\/jvitorwolfart.pinheirasc.com\/wp-content\/uploads\/2024\/04\/BE-2_-_Joao_Vitor_Wolfart_page-0001-1024x587.jpg 1024w, https:\/\/jvitorwolfart.pinheirasc.com\/wp-content\/uploads\/2024\/04\/BE-2_-_Joao_Vitor_Wolfart_page-0001-768x440.jpg 768w, https:\/\/jvitorwolfart.pinheirasc.com\/wp-content\/uploads\/2024\/04\/BE-2_-_Joao_Vitor_Wolfart_page-0001-1536x880.jpg 1536w, https:\/\/jvitorwolfart.pinheirasc.com\/wp-content\/uploads\/2024\/04\/BE-2_-_Joao_Vitor_Wolfart_page-0001-2048x1174.jpg 2048w\" sizes=\"100vw\" \/><\/div><\/div><div class=\"gutentor-post-content\"><div class=\"gutentor-post-title-data-wrap\"><h3 class=\"gutentor-post-title\"><a href=\"https:\/\/jvitorwolfart.pinheirasc.com\/index.php\/2024\/04\/22\/ada-hack-hackathon-ada-tech\/\" rel=\"bookmark\">Ada Hack | Hackathon Ada Tech<\/a><\/h3><\/div><div class=\"gutentor-post-desc\">Minha participa\u00e7\u00e3o no Hackathon da Ada Tech realizado ap\u00f3s o curso Vem Ser Tech.&hellip;<\/div><a class=\"gutentor-button gutentor-post-button gutentor-icon-after\"  href=\"https:\/\/jvitorwolfart.pinheirasc.com\/index.php\/2024\/04\/22\/ada-hack-hackathon-ada-tech\/\" href=\"https:\/\/jvitorwolfart.pinheirasc.com\/index.php\/2024\/04\/22\/ada-hack-hackathon-ada-tech\/\"><i class=\"gutentor-button-icon fas fa-trophy\" ><\/i><span>Leia mais&#8230;<\/span><\/a><\/div><\/div><\/article><article class='gutentor-post'><div class='gutentor-post-item'><div class='gutentor-post-image-box'><div class=\"gutentor-image-thumb\"><img loading=\"lazy\" width=\"1600\" height=\"1124\" src=\"https:\/\/jvitorwolfart.pinheirasc.com\/wp-content\/uploads\/2022\/07\/CERTIFICADO-OBMEP-2021.rotacionado.jpeg\" class=\"attachment-full size-full wp-post-image\" alt=\"\" loading=\"lazy\" srcset=\"https:\/\/jvitorwolfart.pinheirasc.com\/wp-content\/uploads\/2022\/07\/CERTIFICADO-OBMEP-2021.rotacionado.jpeg 1600w, https:\/\/jvitorwolfart.pinheirasc.com\/wp-content\/uploads\/2022\/07\/CERTIFICADO-OBMEP-2021.rotacionado-300x211.jpeg 300w, https:\/\/jvitorwolfart.pinheirasc.com\/wp-content\/uploads\/2022\/07\/CERTIFICADO-OBMEP-2021.rotacionado-1024x719.jpeg 1024w, https:\/\/jvitorwolfart.pinheirasc.com\/wp-content\/uploads\/2022\/07\/CERTIFICADO-OBMEP-2021.rotacionado-768x540.jpeg 768w, https:\/\/jvitorwolfart.pinheirasc.com\/wp-content\/uploads\/2022\/07\/CERTIFICADO-OBMEP-2021.rotacionado-1536x1079.jpeg 1536w\" sizes=\"100vw\" \/><\/div><\/div><div class=\"gutentor-post-content\"><div class=\"gutentor-post-title-data-wrap\"><h3 class=\"gutentor-post-title\"><a href=\"https:\/\/jvitorwolfart.pinheirasc.com\/index.php\/2022\/07\/08\/medalha-de-bronze-obmep-2021\/\" rel=\"bookmark\">Medalha de Bronze OBMEP 2021<\/a><\/h3><\/div><div class=\"gutentor-post-desc\">Medalha de bronze na OBMEP 2021&hellip;<\/div><a class=\"gutentor-button gutentor-post-button gutentor-icon-after\"  href=\"https:\/\/jvitorwolfart.pinheirasc.com\/index.php\/2022\/07\/08\/medalha-de-bronze-obmep-2021\/\" href=\"https:\/\/jvitorwolfart.pinheirasc.com\/index.php\/2022\/07\/08\/medalha-de-bronze-obmep-2021\/\"><i class=\"gutentor-button-icon fas fa-trophy\" ><\/i><span>Leia mais&#8230;<\/span><\/a><\/div><\/div><\/article><article class='gutentor-post'><div class='gutentor-post-item'><div class='gutentor-post-image-box'><div class=\"gutentor-image-thumb\"><img loading=\"lazy\" width=\"500\" height=\"361\" src=\"https:\/\/jvitorwolfart.pinheirasc.com\/wp-content\/uploads\/2022\/06\/Certificado-medalha-de-bronze-2018-e1656356475507.jpeg\" class=\"attachment-full size-full wp-post-image\" alt=\"\" loading=\"lazy\" srcset=\"https:\/\/jvitorwolfart.pinheirasc.com\/wp-content\/uploads\/2022\/06\/Certificado-medalha-de-bronze-2018-e1656356475507.jpeg 500w, https:\/\/jvitorwolfart.pinheirasc.com\/wp-content\/uploads\/2022\/06\/Certificado-medalha-de-bronze-2018-e1656356475507-300x217.jpeg 300w\" sizes=\"100vw\" \/><\/div><\/div><div class=\"gutentor-post-content\"><div class=\"gutentor-post-title-data-wrap\"><h3 class=\"gutentor-post-title\"><a href=\"https:\/\/jvitorwolfart.pinheirasc.com\/index.php\/2022\/06\/27\/medalha-de-bronze-na-obmep-2018\/\" rel=\"bookmark\">Medalha de Bronze na OBMEP 2018<\/a><\/h3><\/div><div class=\"gutentor-post-desc\">Minha primeira medalha de bronze, na minha segunda participa\u00e7\u00e3o na Olimp\u00edada de matem\u00e1tica.&hellip;<\/div><a class=\"gutentor-button gutentor-post-button gutentor-icon-after\"  href=\"https:\/\/jvitorwolfart.pinheirasc.com\/index.php\/2022\/06\/27\/medalha-de-bronze-na-obmep-2018\/\" href=\"https:\/\/jvitorwolfart.pinheirasc.com\/index.php\/2022\/06\/27\/medalha-de-bronze-na-obmep-2018\/\"><i class=\"gutentor-button-icon fas fa-trophy\" ><\/i><span>Leia mais&#8230;<\/span><\/a><\/div><\/div><\/article><\/div><\/div><\/section>","protected":false},"excerpt":{"rendered":"<p>Nesta se\u00e7\u00e3o est\u00e3o as minhas principais conquistas que muito me orgulho, nas olimp\u00edadas de matem\u00e1tica que participei. Foram elas:<\/p>\n","protected":false},"author":1,"featured_media":0,"parent":0,"menu_order":0,"comment_status":"closed","ping_status":"closed","template":"","meta":[],"aioseo_notices":[],"_links":{"self":[{"href":"https:\/\/jvitorwolfart.pinheirasc.com\/index.php\/wp-json\/wp\/v2\/pages\/505"}],"collection":[{"href":"https:\/\/jvitorwolfart.pinheirasc.com\/index.php\/wp-json\/wp\/v2\/pages"}],"about":[{"href":"https:\/\/jvitorwolfart.pinheirasc.com\/index.php\/wp-json\/wp\/v2\/types\/page"}],"author":[{"embeddable":true,"href":"https:\/\/jvitorwolfart.pinheirasc.com\/index.php\/wp-json\/wp\/v2\/users\/1"}],"replies":[{"embeddable":true,"href":"https:\/\/jvitorwolfart.pinheirasc.com\/index.php\/wp-json\/wp\/v2\/comments?post=505"}],"version-history":[{"count":4,"href":"https:\/\/jvitorwolfart.pinheirasc.com\/index.php\/wp-json\/wp\/v2\/pages\/505\/revisions"}],"predecessor-version":[{"id":669,"href":"https:\/\/jvitorwolfart.pinheirasc.com\/index.php\/wp-json\/wp\/v2\/pages\/505\/revisions\/669"}],"wp:attachment":[{"href":"https:\/\/jvitorwolfart.pinheirasc.com\/index.php\/wp-json\/wp\/v2\/media?parent=505"}],"curies":[{"name":"wp","href":"https:\/\/api.w.org\/{rel}","templated":true}]}}