{"id":500,"date":"2022-07-12T14:12:16","date_gmt":"2022-07-12T17:12:16","guid":{"rendered":"http:\/\/jvitorwolfart.pinheirasc.com\/?page_id=500"},"modified":"2022-07-18T18:12:57","modified_gmt":"2022-07-18T21:12:57","slug":"meus-projetos","status":"publish","type":"page","link":"https:\/\/jvitorwolfart.pinheirasc.com\/index.php\/meus-projetos\/","title":{"rendered":"Meus projetos"},"content":{"rendered":"\n<p>Nesta se\u00e7\u00e3o est\u00e3o alguns de meus principais Projetos que desenvolvi at\u00e9 aqui utilizando os conhecimentos que obtive nos cursos do SENAC Jovem Programador e tamb\u00e9m nos meus estudos extras al\u00e9m dos cursos em sala de aula, o que pode dar uma ideia dos meus conhecimentos, meu potencial e tamb\u00e9m a vontade que tenho de evoluir e aprender mais a cada dia .<\/p>\n\n\n\n<h2><strong>Projetos Jovem Programador m\u00f3dulo 2<\/strong><\/h2>\n\n\n<section class=\"gutentor-post-module section-2f014861-4bf0-45ba-9e7c-c5168fa2dffa gutentor-post-module-p1 gutentor_p1_template1 wp-block-gutentor-p1 gutentor-blog-list\" id=\"2f014861-4bf0-45ba-9e7c-c5168fa2dffa\" data-gbid=\"2f014861-4bf0-45ba-9e7c-c5168fa2dffa\" >\n<div class='grid-container'><div class='grid-row' ><article class='gutentor-post'><div class='gutentor-post-item'><div class='gutentor-post-image-box'><div class=\"gutentor-image-thumb\"><img loading=\"lazy\" width=\"1024\" height=\"750\" src=\"https:\/\/jvitorwolfart.pinheirasc.com\/wp-content\/uploads\/2022\/07\/projeto-oficina-e1657390945543.png\" class=\"attachment-full size-full wp-post-image\" alt=\"\" loading=\"lazy\" srcset=\"https:\/\/jvitorwolfart.pinheirasc.com\/wp-content\/uploads\/2022\/07\/projeto-oficina-e1657390945543.png 1024w, https:\/\/jvitorwolfart.pinheirasc.com\/wp-content\/uploads\/2022\/07\/projeto-oficina-e1657390945543-300x220.png 300w, https:\/\/jvitorwolfart.pinheirasc.com\/wp-content\/uploads\/2022\/07\/projeto-oficina-e1657390945543-768x563.png 768w\" sizes=\"100vw\" \/><\/div><\/div><div class=\"gutentor-post-content\"><div class=\"gutentor-post-title-data-wrap\"><h3 class=\"gutentor-post-title\"><a href=\"https:\/\/jvitorwolfart.pinheirasc.com\/index.php\/2022\/07\/09\/projeto-oficina\/\" rel=\"bookmark\">Projeto oficina<\/a><\/h3><\/div><div class=\"gutentor-post-desc\">Projeto oficina, feito com linguagem de programa\u00e7\u00e3o Python, PyQt5 e Qt design para constru\u00e7\u00e3o de interface gr\u00e1fica e banco de dados Sqlite3. Projeto did\u00e1tico feito no Jovem Programador Senac m\u00f3dulo 2.&hellip;<\/div><a class=\"gutentor-button gutentor-post-button gutentor-icon-after\"  href=\"https:\/\/jvitorwolfart.pinheirasc.com\/index.php\/2022\/07\/09\/projeto-oficina\/\" href=\"https:\/\/jvitorwolfart.pinheirasc.com\/index.php\/2022\/07\/09\/projeto-oficina\/\"><i class=\"gutentor-button-icon fas fa-code\" ><\/i><span>Leia mais&#8230;<\/span><\/a><\/div><\/div><\/article><article class='gutentor-post'><div class='gutentor-post-item'><div class='gutentor-post-image-box'><div class=\"gutentor-image-thumb\"><img loading=\"lazy\" width=\"1280\" height=\"720\" src=\"https:\/\/jvitorwolfart.pinheirasc.com\/wp-content\/uploads\/2022\/07\/projeto-padaria.png\" class=\"attachment-full size-full wp-post-image\" alt=\"\" loading=\"lazy\" srcset=\"https:\/\/jvitorwolfart.pinheirasc.com\/wp-content\/uploads\/2022\/07\/projeto-padaria.png 1280w, https:\/\/jvitorwolfart.pinheirasc.com\/wp-content\/uploads\/2022\/07\/projeto-padaria-300x169.png 300w, https:\/\/jvitorwolfart.pinheirasc.com\/wp-content\/uploads\/2022\/07\/projeto-padaria-1024x576.png 1024w, https:\/\/jvitorwolfart.pinheirasc.com\/wp-content\/uploads\/2022\/07\/projeto-padaria-768x432.png 768w\" sizes=\"100vw\" \/><\/div><\/div><div class=\"gutentor-post-content\"><div class=\"gutentor-post-title-data-wrap\"><h3 class=\"gutentor-post-title\"><a href=\"https:\/\/jvitorwolfart.pinheirasc.com\/index.php\/2022\/07\/11\/projeto-padaria\/\" rel=\"bookmark\">Projeto padaria<\/a><\/h3><\/div><div class=\"gutentor-post-desc\">Projeto padaria, desenvolvido durante o curso Jovem Programador Senac m\u00f3dulo 2. Utilizando Python, PyQt5, Qt design e banco de dados Sqlite&hellip;<\/div><a class=\"gutentor-button gutentor-post-button gutentor-icon-after\"  href=\"https:\/\/jvitorwolfart.pinheirasc.com\/index.php\/2022\/07\/11\/projeto-padaria\/\" href=\"https:\/\/jvitorwolfart.pinheirasc.com\/index.php\/2022\/07\/11\/projeto-padaria\/\"><i class=\"gutentor-button-icon fas fa-code\" ><\/i><span>Leia mais&#8230;<\/span><\/a><\/div><\/div><\/article><article class='gutentor-post'><div class='gutentor-post-item'><div class='gutentor-post-image-box'><div class=\"gutentor-image-thumb\"><img loading=\"lazy\" width=\"1280\" height=\"720\" src=\"https:\/\/jvitorwolfart.pinheirasc.com\/wp-content\/uploads\/2022\/07\/Captura-de-tela-de-2022-07-12-14-32-32.png\" class=\"attachment-full size-full wp-post-image\" alt=\"\" loading=\"lazy\" srcset=\"https:\/\/jvitorwolfart.pinheirasc.com\/wp-content\/uploads\/2022\/07\/Captura-de-tela-de-2022-07-12-14-32-32.png 1280w, https:\/\/jvitorwolfart.pinheirasc.com\/wp-content\/uploads\/2022\/07\/Captura-de-tela-de-2022-07-12-14-32-32-300x169.png 300w, https:\/\/jvitorwolfart.pinheirasc.com\/wp-content\/uploads\/2022\/07\/Captura-de-tela-de-2022-07-12-14-32-32-1024x576.png 1024w, https:\/\/jvitorwolfart.pinheirasc.com\/wp-content\/uploads\/2022\/07\/Captura-de-tela-de-2022-07-12-14-32-32-768x432.png 768w\" sizes=\"100vw\" \/><\/div><\/div><div class=\"gutentor-post-content\"><div class=\"gutentor-post-title-data-wrap\"><h3 class=\"gutentor-post-title\"><a href=\"https:\/\/jvitorwolfart.pinheirasc.com\/index.php\/2022\/07\/13\/projeto-salao-de-beleza\/\" rel=\"bookmark\">Projeto sal\u00e3o de beleza<\/a><\/h3><\/div><div class=\"gutentor-post-desc\">Projeto final do m\u00f3dulo 2 do Jovem Programador Senac, sistema de controle de um sal\u00e3o de beleza, feito com Python e PyQt5 e banco de dados Sqlite 3, interface constru\u00edda com Qt design.&hellip;<\/div><a class=\"gutentor-button gutentor-post-button gutentor-icon-after\"  href=\"https:\/\/jvitorwolfart.pinheirasc.com\/index.php\/2022\/07\/13\/projeto-salao-de-beleza\/\" href=\"https:\/\/jvitorwolfart.pinheirasc.com\/index.php\/2022\/07\/13\/projeto-salao-de-beleza\/\"><i class=\"gutentor-button-icon fas fa-code\" ><\/i><span>Leia mais&#8230;<\/span><\/a><\/div><\/div><\/article><\/div><\/div><\/section>\n\n\n<h2><strong>Projetos Jovem Programador m\u00f3dulo 3<\/strong><\/h2>\n\n\n<section class=\"gutentor-post-module section-af9d9940-e26e-4097-872b-11ee1957f31c gutentor-post-module-p1 gutentor_p1_template1 wp-block-gutentor-p1 gutentor-blog-list\" id=\"af9d9940-e26e-4097-872b-11ee1957f31c\" data-gbid=\"af9d9940-e26e-4097-872b-11ee1957f31c\" >\n<div class='grid-container'><div class='grid-row' ><article class='gutentor-post'><div class='gutentor-post-item'><div class='gutentor-post-image-box'><div class=\"gutentor-image-thumb\"><img loading=\"lazy\" width=\"1024\" height=\"666\" src=\"https:\/\/jvitorwolfart.pinheirasc.com\/wp-content\/uploads\/2022\/07\/Captura-de-tela-de-2022-07-15-14-05-48.png\" class=\"attachment-full size-full wp-post-image\" alt=\"\" loading=\"lazy\" srcset=\"https:\/\/jvitorwolfart.pinheirasc.com\/wp-content\/uploads\/2022\/07\/Captura-de-tela-de-2022-07-15-14-05-48.png 1024w, https:\/\/jvitorwolfart.pinheirasc.com\/wp-content\/uploads\/2022\/07\/Captura-de-tela-de-2022-07-15-14-05-48-300x195.png 300w, https:\/\/jvitorwolfart.pinheirasc.com\/wp-content\/uploads\/2022\/07\/Captura-de-tela-de-2022-07-15-14-05-48-768x500.png 768w\" sizes=\"100vw\" \/><\/div><\/div><div class=\"gutentor-post-content\"><div class=\"gutentor-post-title-data-wrap\"><h3 class=\"gutentor-post-title\"><a href=\"https:\/\/jvitorwolfart.pinheirasc.com\/index.php\/2022\/07\/15\/projeto-estoque\/\" rel=\"bookmark\">Projeto estoque<\/a><\/h3><\/div><div class=\"gutentor-post-desc\">Site de controle de estoque, desenvolvido com Python e Django durante o curso Jovem Programador Senac, m\u00f3dulo 3.&hellip;<\/div><a class=\"gutentor-button gutentor-post-button gutentor-icon-after\"  href=\"https:\/\/jvitorwolfart.pinheirasc.com\/index.php\/2022\/07\/15\/projeto-estoque\/\" href=\"https:\/\/jvitorwolfart.pinheirasc.com\/index.php\/2022\/07\/15\/projeto-estoque\/\"><i class=\"gutentor-button-icon fas fa-code\" ><\/i><span>Leia mais&#8230;<\/span><\/a><\/div><\/div><\/article><article class='gutentor-post'><div class='gutentor-post-item'><div class='gutentor-post-image-box'><div class=\"gutentor-image-thumb\"><img loading=\"lazy\" width=\"1007\" height=\"662\" src=\"https:\/\/jvitorwolfart.pinheirasc.com\/wp-content\/uploads\/2022\/07\/Captura-de-tela-de-2022-07-18-13-11-27.png\" class=\"attachment-full size-full wp-post-image\" alt=\"\" loading=\"lazy\" srcset=\"https:\/\/jvitorwolfart.pinheirasc.com\/wp-content\/uploads\/2022\/07\/Captura-de-tela-de-2022-07-18-13-11-27.png 1007w, https:\/\/jvitorwolfart.pinheirasc.com\/wp-content\/uploads\/2022\/07\/Captura-de-tela-de-2022-07-18-13-11-27-300x197.png 300w, https:\/\/jvitorwolfart.pinheirasc.com\/wp-content\/uploads\/2022\/07\/Captura-de-tela-de-2022-07-18-13-11-27-768x505.png 768w\" sizes=\"100vw\" \/><\/div><\/div><div class=\"gutentor-post-content\"><div class=\"gutentor-post-title-data-wrap\"><h3 class=\"gutentor-post-title\"><a href=\"https:\/\/jvitorwolfart.pinheirasc.com\/index.php\/2022\/07\/18\/projeto-e-commerce\/\" rel=\"bookmark\">Projeto E-commerce<\/a><\/h3><\/div><div class=\"gutentor-post-desc\">Modelo de E-commerce desenvolvido com Python e o framework Django, deploy do projeto feito no Heroku.&hellip;<\/div><a class=\"gutentor-button gutentor-post-button gutentor-icon-after\"  href=\"https:\/\/jvitorwolfart.pinheirasc.com\/index.php\/2022\/07\/18\/projeto-e-commerce\/\" href=\"https:\/\/jvitorwolfart.pinheirasc.com\/index.php\/2022\/07\/18\/projeto-e-commerce\/\"><i class=\"gutentor-button-icon fas fa-code\" ><\/i><span>Leia mais&#8230;<\/span><\/a><\/div><\/div><\/article><article class='gutentor-post'><div class='gutentor-post-item'><div class='gutentor-post-image-box'><div class=\"gutentor-image-thumb\"><img loading=\"lazy\" width=\"945\" height=\"663\" src=\"https:\/\/jvitorwolfart.pinheirasc.com\/wp-content\/uploads\/2022\/07\/Captura-de-tela-de-2022-07-19-14-14-46.png\" class=\"attachment-full size-full wp-post-image\" alt=\"\" loading=\"lazy\" srcset=\"https:\/\/jvitorwolfart.pinheirasc.com\/wp-content\/uploads\/2022\/07\/Captura-de-tela-de-2022-07-19-14-14-46.png 945w, https:\/\/jvitorwolfart.pinheirasc.com\/wp-content\/uploads\/2022\/07\/Captura-de-tela-de-2022-07-19-14-14-46-300x210.png 300w, https:\/\/jvitorwolfart.pinheirasc.com\/wp-content\/uploads\/2022\/07\/Captura-de-tela-de-2022-07-19-14-14-46-768x539.png 768w\" sizes=\"100vw\" \/><\/div><\/div><div class=\"gutentor-post-content\"><div class=\"gutentor-post-title-data-wrap\"><h3 class=\"gutentor-post-title\"><a href=\"https:\/\/jvitorwolfart.pinheirasc.com\/index.php\/2022\/07\/19\/projeto-info-filmes\/\" rel=\"bookmark\">Projeto Info Filmes<\/a><\/h3><\/div><div class=\"gutentor-post-desc\">Projeto de um site de informa\u00e7\u00f5es de filmes utilizando a API https:\/\/www.omdbapi.com\/ que possui v\u00e1rias informa\u00e7\u00f5es de filmes e s\u00e9ries.&hellip;<\/div><a class=\"gutentor-button gutentor-post-button gutentor-icon-after\"  href=\"https:\/\/jvitorwolfart.pinheirasc.com\/index.php\/2022\/07\/19\/projeto-info-filmes\/\" href=\"https:\/\/jvitorwolfart.pinheirasc.com\/index.php\/2022\/07\/19\/projeto-info-filmes\/\"><i class=\"gutentor-button-icon fas fa-code\" ><\/i><span>Leia mais&#8230;<\/span><\/a><\/div><\/div><\/article><article class='gutentor-post'><div class='gutentor-post-item'><div class='gutentor-post-image-box'><div class=\"gutentor-image-thumb\"><img loading=\"lazy\" width=\"1009\" height=\"664\" src=\"https:\/\/jvitorwolfart.pinheirasc.com\/wp-content\/uploads\/2022\/07\/Captura-de-tela-de-2022-07-20-13-55-51.png\" class=\"attachment-full size-full wp-post-image\" alt=\"\" loading=\"lazy\" srcset=\"https:\/\/jvitorwolfart.pinheirasc.com\/wp-content\/uploads\/2022\/07\/Captura-de-tela-de-2022-07-20-13-55-51.png 1009w, https:\/\/jvitorwolfart.pinheirasc.com\/wp-content\/uploads\/2022\/07\/Captura-de-tela-de-2022-07-20-13-55-51-300x197.png 300w, https:\/\/jvitorwolfart.pinheirasc.com\/wp-content\/uploads\/2022\/07\/Captura-de-tela-de-2022-07-20-13-55-51-768x505.png 768w\" sizes=\"100vw\" \/><\/div><\/div><div class=\"gutentor-post-content\"><div class=\"gutentor-post-title-data-wrap\"><h3 class=\"gutentor-post-title\"><a href=\"https:\/\/jvitorwolfart.pinheirasc.com\/index.php\/2022\/07\/20\/api-cep-e-ibge\/\" rel=\"bookmark\">API CEP e IBGE<\/a><\/h3><\/div><div class=\"gutentor-post-desc\">Projeto de consumo de API, onde dever\u00edamos livremente escolher qual API que gostar\u00edamos de consumir, e produzir um projeto que demonstrasse o consumo dessa API.&hellip;<\/div><a class=\"gutentor-button gutentor-post-button gutentor-icon-after\"  href=\"https:\/\/jvitorwolfart.pinheirasc.com\/index.php\/2022\/07\/20\/api-cep-e-ibge\/\" href=\"https:\/\/jvitorwolfart.pinheirasc.com\/index.php\/2022\/07\/20\/api-cep-e-ibge\/\"><i class=\"gutentor-button-icon fas fa-code\" ><\/i><span>Leia mais&#8230;<\/span><\/a><\/div><\/div><\/article><article class='gutentor-post'><div class='gutentor-post-item'><div class='gutentor-post-image-box'><div class=\"gutentor-image-thumb\"><img loading=\"lazy\" width=\"1014\" height=\"664\" src=\"https:\/\/jvitorwolfart.pinheirasc.com\/wp-content\/uploads\/2022\/07\/Captura-de-tela-de-2022-07-20-14-48-16.png\" class=\"attachment-full size-full wp-post-image\" alt=\"\" loading=\"lazy\" srcset=\"https:\/\/jvitorwolfart.pinheirasc.com\/wp-content\/uploads\/2022\/07\/Captura-de-tela-de-2022-07-20-14-48-16.png 1014w, https:\/\/jvitorwolfart.pinheirasc.com\/wp-content\/uploads\/2022\/07\/Captura-de-tela-de-2022-07-20-14-48-16-300x196.png 300w, https:\/\/jvitorwolfart.pinheirasc.com\/wp-content\/uploads\/2022\/07\/Captura-de-tela-de-2022-07-20-14-48-16-768x503.png 768w\" sizes=\"100vw\" \/><\/div><\/div><div class=\"gutentor-post-content\"><div class=\"gutentor-post-title-data-wrap\"><h3 class=\"gutentor-post-title\"><a href=\"https:\/\/jvitorwolfart.pinheirasc.com\/index.php\/2022\/07\/20\/projeto-de-controle-de-despesas\/\" rel=\"bookmark\">Projeto de controle de despesas<\/a><\/h3><\/div><div class=\"gutentor-post-desc\">Projeto final do Jovem Programador Senac m\u00f3dulo 3. Este projeto consiste em um aplicativo para controle de despesas pessoais.&hellip;<\/div><a class=\"gutentor-button gutentor-post-button gutentor-icon-after\"  href=\"https:\/\/jvitorwolfart.pinheirasc.com\/index.php\/2022\/07\/20\/projeto-de-controle-de-despesas\/\" href=\"https:\/\/jvitorwolfart.pinheirasc.com\/index.php\/2022\/07\/20\/projeto-de-controle-de-despesas\/\"><i class=\"gutentor-button-icon fas fa-code\" ><\/i><span>Leia mais&#8230;<\/span><\/a><\/div><\/div><\/article><article class='gutentor-post'><div class='gutentor-post-item'><div class='gutentor-post-image-box'><div class=\"gutentor-image-thumb\"><img loading=\"lazy\" width=\"3839\" height=\"1881\" src=\"https:\/\/jvitorwolfart.pinheirasc.com\/wp-content\/uploads\/2023\/08\/Captura-de-tela-de-2023-08-08-16-35-27.png\" class=\"attachment-full size-full wp-post-image\" alt=\"\" loading=\"lazy\" srcset=\"https:\/\/jvitorwolfart.pinheirasc.com\/wp-content\/uploads\/2023\/08\/Captura-de-tela-de-2023-08-08-16-35-27.png 3839w, https:\/\/jvitorwolfart.pinheirasc.com\/wp-content\/uploads\/2023\/08\/Captura-de-tela-de-2023-08-08-16-35-27-300x147.png 300w, https:\/\/jvitorwolfart.pinheirasc.com\/wp-content\/uploads\/2023\/08\/Captura-de-tela-de-2023-08-08-16-35-27-1024x502.png 1024w, https:\/\/jvitorwolfart.pinheirasc.com\/wp-content\/uploads\/2023\/08\/Captura-de-tela-de-2023-08-08-16-35-27-768x376.png 768w, https:\/\/jvitorwolfart.pinheirasc.com\/wp-content\/uploads\/2023\/08\/Captura-de-tela-de-2023-08-08-16-35-27-1536x753.png 1536w, https:\/\/jvitorwolfart.pinheirasc.com\/wp-content\/uploads\/2023\/08\/Captura-de-tela-de-2023-08-08-16-35-27-2048x1003.png 2048w\" sizes=\"100vw\" \/><\/div><\/div><div class=\"gutentor-post-content\"><div class=\"gutentor-post-title-data-wrap\"><h3 class=\"gutentor-post-title\"><a href=\"https:\/\/jvitorwolfart.pinheirasc.com\/index.php\/2023\/08\/08\/sistema-de-orcamentos-de-reserva\/\" rel=\"bookmark\">Sistema de or\u00e7amentos de reserva<\/a><\/h3><\/div><div class=\"gutentor-post-desc\">Minha fam\u00edlia tem uma pequena pousada na Praia da Pinheira, e em Julho de 2023, meu pai, que administra os neg\u00f3cios, me pediu pra desenvolver um sistema que facilitasse na confec\u00e7\u00e3o de or\u00e7amentos para&hellip;<\/div><a class=\"gutentor-button gutentor-post-button gutentor-icon-after\"  href=\"https:\/\/jvitorwolfart.pinheirasc.com\/index.php\/2023\/08\/08\/sistema-de-orcamentos-de-reserva\/\" href=\"https:\/\/jvitorwolfart.pinheirasc.com\/index.php\/2023\/08\/08\/sistema-de-orcamentos-de-reserva\/\"><i class=\"gutentor-button-icon fas fa-code\" ><\/i><span>Leia mais&#8230;<\/span><\/a><\/div><\/div><\/article><\/div><\/div><\/section>\n\n\n<h2><strong>Projetos pessoais<\/strong><\/h2>\n\n\n<section class=\"gutentor-post-module section-c93727b1-54cd-4641-b3f9-d67b97b57552 gutentor-post-module-p1 gutentor_p1_template1 wp-block-gutentor-p1 gutentor-blog-list\" id=\"c93727b1-54cd-4641-b3f9-d67b97b57552\" data-gbid=\"c93727b1-54cd-4641-b3f9-d67b97b57552\" >\n<div class='grid-container'><div class='grid-row' ><article class='gutentor-post'><div class='gutentor-post-item'><div class='gutentor-post-image-box'><div class=\"gutentor-image-thumb\"><img loading=\"lazy\" width=\"1015\" height=\"660\" src=\"https:\/\/jvitorwolfart.pinheirasc.com\/wp-content\/uploads\/2022\/07\/site-de-matematica-1.png\" class=\"attachment-full size-full wp-post-image\" alt=\"\" loading=\"lazy\" srcset=\"https:\/\/jvitorwolfart.pinheirasc.com\/wp-content\/uploads\/2022\/07\/site-de-matematica-1.png 1015w, https:\/\/jvitorwolfart.pinheirasc.com\/wp-content\/uploads\/2022\/07\/site-de-matematica-1-300x195.png 300w, https:\/\/jvitorwolfart.pinheirasc.com\/wp-content\/uploads\/2022\/07\/site-de-matematica-1-768x499.png 768w\" sizes=\"100vw\" \/><\/div><\/div><div class=\"gutentor-post-content\"><div class=\"gutentor-post-title-data-wrap\"><h3 class=\"gutentor-post-title\"><a href=\"https:\/\/jvitorwolfart.pinheirasc.com\/index.php\/2022\/07\/14\/site-de-matematica\/\" rel=\"bookmark\">Site de matem\u00e1tica<\/a><\/h3><\/div><div class=\"gutentor-post-desc\">Projeto de site pessoal de matem\u00e1tica feito durante a pandemia, utilizando WordPress e algumas fun\u00e7\u00f5es de Javascript.&hellip;<\/div><a class=\"gutentor-button gutentor-post-button gutentor-icon-after\"  href=\"https:\/\/jvitorwolfart.pinheirasc.com\/index.php\/2022\/07\/14\/site-de-matematica\/\" href=\"https:\/\/jvitorwolfart.pinheirasc.com\/index.php\/2022\/07\/14\/site-de-matematica\/\"><i class=\"gutentor-button-icon fas fa-code\" ><\/i><span>Leia mais&#8230;<\/span><\/a><\/div><\/div><\/article><article class='gutentor-post'><div class='gutentor-post-item'><div class='gutentor-post-image-box'><div class=\"gutentor-image-thumb\"><img loading=\"lazy\" width=\"1017\" height=\"666\" src=\"https:\/\/jvitorwolfart.pinheirasc.com\/wp-content\/uploads\/2022\/07\/Captura-de-tela-de-2022-07-14-14-58-38.png\" class=\"attachment-full size-full wp-post-image\" alt=\"\" loading=\"lazy\" srcset=\"https:\/\/jvitorwolfart.pinheirasc.com\/wp-content\/uploads\/2022\/07\/Captura-de-tela-de-2022-07-14-14-58-38.png 1017w, https:\/\/jvitorwolfart.pinheirasc.com\/wp-content\/uploads\/2022\/07\/Captura-de-tela-de-2022-07-14-14-58-38-300x196.png 300w, https:\/\/jvitorwolfart.pinheirasc.com\/wp-content\/uploads\/2022\/07\/Captura-de-tela-de-2022-07-14-14-58-38-768x503.png 768w\" sizes=\"100vw\" \/><\/div><\/div><div class=\"gutentor-post-content\"><div class=\"gutentor-post-title-data-wrap\"><h3 class=\"gutentor-post-title\"><a href=\"https:\/\/jvitorwolfart.pinheirasc.com\/index.php\/2022\/07\/14\/site-da-pousada-residencial-sol-de-verao\/\" rel=\"bookmark\">Site da pousada Residencial Sol de Ver\u00e3o<\/a><\/h3><\/div><div class=\"gutentor-post-desc\">Site da pousada Residencial Sol de Ver\u00e3o, pousada da minha fam\u00edlia, desenvolvido com WordPress.&hellip;<\/div><a class=\"gutentor-button gutentor-post-button gutentor-icon-after\"  href=\"https:\/\/jvitorwolfart.pinheirasc.com\/index.php\/2022\/07\/14\/site-da-pousada-residencial-sol-de-verao\/\" href=\"https:\/\/jvitorwolfart.pinheirasc.com\/index.php\/2022\/07\/14\/site-da-pousada-residencial-sol-de-verao\/\"><i class=\"gutentor-button-icon fas fa-code\" ><\/i><span>Leia mais&#8230;<\/span><\/a><\/div><\/div><\/article><article class='gutentor-post'><div class='gutentor-post-item'><div class='gutentor-post-image-box'><div class=\"gutentor-image-thumb\"><img loading=\"lazy\" width=\"1017\" height=\"666\" src=\"https:\/\/jvitorwolfart.pinheirasc.com\/wp-content\/uploads\/2022\/07\/Captura-de-tela-de-2022-07-14-15-19-06.png\" class=\"attachment-full size-full wp-post-image\" alt=\"\" loading=\"lazy\" srcset=\"https:\/\/jvitorwolfart.pinheirasc.com\/wp-content\/uploads\/2022\/07\/Captura-de-tela-de-2022-07-14-15-19-06.png 1017w, https:\/\/jvitorwolfart.pinheirasc.com\/wp-content\/uploads\/2022\/07\/Captura-de-tela-de-2022-07-14-15-19-06-300x196.png 300w, https:\/\/jvitorwolfart.pinheirasc.com\/wp-content\/uploads\/2022\/07\/Captura-de-tela-de-2022-07-14-15-19-06-768x503.png 768w\" sizes=\"100vw\" \/><\/div><\/div><div class=\"gutentor-post-content\"><div class=\"gutentor-post-title-data-wrap\"><h3 class=\"gutentor-post-title\"><a href=\"https:\/\/jvitorwolfart.pinheirasc.com\/index.php\/2022\/07\/14\/site-para-anunciar-os-negocios-locais-da-minha-regiao\/\" rel=\"bookmark\">Site para anunciar os neg\u00f3cios locais da minha regi\u00e3o<\/a><\/h3><\/div><div class=\"gutentor-post-desc\">Projeto pessoal de site para anunciar os neg\u00f3cios locais da minha regi\u00e3o, com foco principalmente no turismo, site desenvolvido com WordPress.&hellip;<\/div><a class=\"gutentor-button gutentor-post-button gutentor-icon-after\"  href=\"https:\/\/jvitorwolfart.pinheirasc.com\/index.php\/2022\/07\/14\/site-para-anunciar-os-negocios-locais-da-minha-regiao\/\" href=\"https:\/\/jvitorwolfart.pinheirasc.com\/index.php\/2022\/07\/14\/site-para-anunciar-os-negocios-locais-da-minha-regiao\/\"><i class=\"gutentor-button-icon fas fa-code\" ><\/i><span>Leia mais&#8230;<\/span><\/a><\/div><\/div><\/article><\/div><\/div><\/section>","protected":false},"excerpt":{"rendered":"<p>Nesta se\u00e7\u00e3o est\u00e3o alguns de meus principais Projetos que desenvolvi at\u00e9 aqui utilizando os conhecimentos que obtive nos cursos do SENAC Jovem Programador e tamb\u00e9m nos meus estudos extras al\u00e9m dos cursos em sala de aula, o que pode dar uma ideia dos meus conhecimentos, meu potencial e tamb\u00e9m a vontade que tenho de evoluir &hellip; <\/p>\n<p class=\"link-more\"><a href=\"https:\/\/jvitorwolfart.pinheirasc.com\/index.php\/meus-projetos\/\" class=\"more-link\">Continue lendo<span class=\"screen-reader-text\"> &#8220;Meus projetos&#8221;<\/span><\/a><\/p>\n","protected":false},"author":1,"featured_media":0,"parent":0,"menu_order":0,"comment_status":"closed","ping_status":"closed","template":"","meta":[],"aioseo_notices":[],"_links":{"self":[{"href":"https:\/\/jvitorwolfart.pinheirasc.com\/index.php\/wp-json\/wp\/v2\/pages\/500"}],"collection":[{"href":"https:\/\/jvitorwolfart.pinheirasc.com\/index.php\/wp-json\/wp\/v2\/pages"}],"about":[{"href":"https:\/\/jvitorwolfart.pinheirasc.com\/index.php\/wp-json\/wp\/v2\/types\/page"}],"author":[{"embeddable":true,"href":"https:\/\/jvitorwolfart.pinheirasc.com\/index.php\/wp-json\/wp\/v2\/users\/1"}],"replies":[{"embeddable":true,"href":"https:\/\/jvitorwolfart.pinheirasc.com\/index.php\/wp-json\/wp\/v2\/comments?post=500"}],"version-history":[{"count":15,"href":"https:\/\/jvitorwolfart.pinheirasc.com\/index.php\/wp-json\/wp\/v2\/pages\/500\/revisions"}],"predecessor-version":[{"id":814,"href":"https:\/\/jvitorwolfart.pinheirasc.com\/index.php\/wp-json\/wp\/v2\/pages\/500\/revisions\/814"}],"wp:attachment":[{"href":"https:\/\/jvitorwolfart.pinheirasc.com\/index.php\/wp-json\/wp\/v2\/media?parent=500"}],"curies":[{"name":"wp","href":"https:\/\/api.w.org\/{rel}","templated":true}]}}