{"id":493,"date":"2022-07-11T16:45:30","date_gmt":"2022-07-11T19:45:30","guid":{"rendered":"http:\/\/jvitorwolfart.pinheirasc.com\/?page_id=493"},"modified":"2022-07-18T18:30:49","modified_gmt":"2022-07-18T21:30:49","slug":"meus-cursos-e-formacao","status":"publish","type":"page","link":"https:\/\/jvitorwolfart.pinheirasc.com\/index.php\/meus-cursos-e-formacao\/","title":{"rendered":"Meus cursos e forma\u00e7\u00e3o"},"content":{"rendered":"\n<p>Nesta se\u00e7\u00e3o est\u00e3o meus cursos e minha forma\u00e7\u00e3o, tanto forma\u00e7\u00f5es em andamento, como tamb\u00e9m cursos j\u00e1 conclu\u00eddos.<\/p>\n\n\n\n<h2><strong>Forma\u00e7\u00e3o em andamento<\/strong><\/h2>\n\n\n<section class=\"gutentor-post-module section-ca741e98-2889-4066-87c6-25ababd6aa75 gutentor-post-module-p1 gutentor_p1_template1 wp-block-gutentor-p1 gutentor-blog-list\" id=\"ca741e98-2889-4066-87c6-25ababd6aa75\" data-gbid=\"ca741e98-2889-4066-87c6-25ababd6aa75\" >\n<div class='grid-container'><div class='grid-row' ><header class=\"g-n-f-t-1\"><h2 class=\"g-n-f-title\">Nothing Found<\/h2><\/header><\/div><\/div><\/section>\n\n\n<div style=\"height:42px\" aria-hidden=\"true\" class=\"wp-block-spacer\"><\/div>\n\n\n\n<hr class=\"wp-block-separator has-alpha-channel-opacity is-style-dots\"\/>\n\n\n\n<div style=\"height:9px\" aria-hidden=\"true\" class=\"wp-block-spacer\"><\/div>\n\n\n\n<h2><strong>Forma\u00e7\u00e3o conclu\u00edda<\/strong><\/h2>\n\n\n<section class=\"gutentor-post-module section-45340c99-b20c-4574-98ec-3abaf5659e0d gutentor-post-module-p1 gutentor_p1_template1 wp-block-gutentor-p1 gutentor-blog-list\" id=\"45340c99-b20c-4574-98ec-3abaf5659e0d\" data-gbid=\"45340c99-b20c-4574-98ec-3abaf5659e0d\" >\n<div class='grid-container'><div class='grid-row' ><article class='gutentor-post'><div class='gutentor-post-item'><div class='gutentor-post-image-box'><div class=\"gutentor-image-thumb\"><img loading=\"lazy\" width=\"600\" height=\"446\" src=\"https:\/\/jvitorwolfart.pinheirasc.com\/wp-content\/uploads\/2022\/06\/certificado-curso-desenvolvedor-web-udemy-e1656686703388.jpg\" class=\"attachment-full size-full wp-post-image\" alt=\"\" loading=\"lazy\" srcset=\"https:\/\/jvitorwolfart.pinheirasc.com\/wp-content\/uploads\/2022\/06\/certificado-curso-desenvolvedor-web-udemy-e1656686703388.jpg 600w, https:\/\/jvitorwolfart.pinheirasc.com\/wp-content\/uploads\/2022\/06\/certificado-curso-desenvolvedor-web-udemy-e1656686703388-300x223.jpg 300w\" sizes=\"100vw\" \/><\/div><\/div><div class=\"gutentor-post-content\"><h3 class=\"gutentor-post-title\"><a href=\"https:\/\/jvitorwolfart.pinheirasc.com\/index.php\/2022\/07\/01\/elementor-307\/\" rel=\"bookmark\">Curso Desenvolvedor web Udemy<\/a><\/h3><div class=\"gutentor-post-desc\">Curso desenvolvedor Web completo Udemy.<\/div><a class=\"gutentor-button gutentor-post-button gutentor-icon-after\"  href=\"https:\/\/jvitorwolfart.pinheirasc.com\/index.php\/2022\/07\/01\/elementor-307\/\" href=\"https:\/\/jvitorwolfart.pinheirasc.com\/index.php\/2022\/07\/01\/elementor-307\/\"><i class=\"gutentor-button-icon fas fa-graduation-cap\" ><\/i><span>Veja mais&#8230;<\/span><\/a><\/div><\/div><\/article><article class='gutentor-post'><div class='gutentor-post-item'><div class='gutentor-post-image-box'><div class=\"gutentor-image-thumb\"><img loading=\"lazy\" width=\"1600\" height=\"1190\" src=\"https:\/\/jvitorwolfart.pinheirasc.com\/wp-content\/uploads\/2022\/10\/certificado-curso-java-udemy.jpg\" class=\"attachment-full size-full wp-post-image\" alt=\"\" loading=\"lazy\" srcset=\"https:\/\/jvitorwolfart.pinheirasc.com\/wp-content\/uploads\/2022\/10\/certificado-curso-java-udemy.jpg 1600w, https:\/\/jvitorwolfart.pinheirasc.com\/wp-content\/uploads\/2022\/10\/certificado-curso-java-udemy-300x223.jpg 300w, https:\/\/jvitorwolfart.pinheirasc.com\/wp-content\/uploads\/2022\/10\/certificado-curso-java-udemy-1024x762.jpg 1024w, https:\/\/jvitorwolfart.pinheirasc.com\/wp-content\/uploads\/2022\/10\/certificado-curso-java-udemy-768x571.jpg 768w, https:\/\/jvitorwolfart.pinheirasc.com\/wp-content\/uploads\/2022\/10\/certificado-curso-java-udemy-1536x1142.jpg 1536w\" sizes=\"100vw\" \/><\/div><\/div><div class=\"gutentor-post-content\"><h3 class=\"gutentor-post-title\"><a href=\"https:\/\/jvitorwolfart.pinheirasc.com\/index.php\/2022\/10\/20\/curso-java-2022-completo-do-zero-ao-profissional-projetos\/\" rel=\"bookmark\">Curso Java 2022 Completo do zero ao profissional + Projetos<\/a><\/h3><div class=\"gutentor-post-desc\">Curso Java 2022 completo do zero ao profissional + Projetos udemy. Instrutor Leonardo Moura Leit\u00e3o, dura\u00e7\u00e3o do curso: 77 horas.<\/div><a class=\"gutentor-button gutentor-post-button gutentor-icon-after\"  href=\"https:\/\/jvitorwolfart.pinheirasc.com\/index.php\/2022\/10\/20\/curso-java-2022-completo-do-zero-ao-profissional-projetos\/\" href=\"https:\/\/jvitorwolfart.pinheirasc.com\/index.php\/2022\/10\/20\/curso-java-2022-completo-do-zero-ao-profissional-projetos\/\"><i class=\"gutentor-button-icon fas fa-graduation-cap\" ><\/i><span>Veja mais&#8230;<\/span><\/a><\/div><\/div><\/article><article class='gutentor-post'><div class='gutentor-post-item'><div class='gutentor-post-image-box'><div class=\"gutentor-image-thumb\"><img loading=\"lazy\" width=\"500\" height=\"354\" src=\"https:\/\/jvitorwolfart.pinheirasc.com\/wp-content\/uploads\/2022\/06\/Certificado_Desafio_da_Robotica_2_page-0001-e1656529874411.jpg\" class=\"attachment-full size-full wp-post-image\" alt=\"\" loading=\"lazy\" srcset=\"https:\/\/jvitorwolfart.pinheirasc.com\/wp-content\/uploads\/2022\/06\/Certificado_Desafio_da_Robotica_2_page-0001-e1656529874411.jpg 500w, https:\/\/jvitorwolfart.pinheirasc.com\/wp-content\/uploads\/2022\/06\/Certificado_Desafio_da_Robotica_2_page-0001-e1656529874411-300x212.jpg 300w\" sizes=\"100vw\" \/><\/div><\/div><div class=\"gutentor-post-content\"><h3 class=\"gutentor-post-title\"><a href=\"https:\/\/jvitorwolfart.pinheirasc.com\/index.php\/2022\/06\/29\/desafio-da-robotica-2-projeteiros\/\" rel=\"bookmark\">Desafio da rob\u00f3tica 2 Projeteiros<\/a><\/h3><div class=\"gutentor-post-desc\">Curso desafio da rob\u00f3tica 2 Projeteiros<\/div><a class=\"gutentor-button gutentor-post-button gutentor-icon-after\"  href=\"https:\/\/jvitorwolfart.pinheirasc.com\/index.php\/2022\/06\/29\/desafio-da-robotica-2-projeteiros\/\" href=\"https:\/\/jvitorwolfart.pinheirasc.com\/index.php\/2022\/06\/29\/desafio-da-robotica-2-projeteiros\/\"><i class=\"gutentor-button-icon fas fa-graduation-cap\" ><\/i><span>Veja mais&#8230;<\/span><\/a><\/div><\/div><\/article><article class='gutentor-post'><div class='gutentor-post-item'><div class='gutentor-post-image-box'><div class=\"gutentor-image-thumb\"><img loading=\"lazy\" width=\"500\" height=\"354\" src=\"https:\/\/jvitorwolfart.pinheirasc.com\/wp-content\/uploads\/2022\/06\/Certificado_Desafio_da_Robotica_page-0001-e1656528943778.jpg\" class=\"attachment-full size-full wp-post-image\" alt=\"\" loading=\"lazy\" srcset=\"https:\/\/jvitorwolfart.pinheirasc.com\/wp-content\/uploads\/2022\/06\/Certificado_Desafio_da_Robotica_page-0001-e1656528943778.jpg 500w, https:\/\/jvitorwolfart.pinheirasc.com\/wp-content\/uploads\/2022\/06\/Certificado_Desafio_da_Robotica_page-0001-e1656528943778-300x212.jpg 300w\" sizes=\"100vw\" \/><\/div><\/div><div class=\"gutentor-post-content\"><h3 class=\"gutentor-post-title\"><a href=\"https:\/\/jvitorwolfart.pinheirasc.com\/index.php\/2022\/06\/29\/desafio-da-robotica-projeteiros\/\" rel=\"bookmark\">Desafio da rob\u00f3tica Projeteiros<\/a><\/h3><div class=\"gutentor-post-desc\">Curso desafio da rob\u00f3tica Projeteiros.<\/div><a class=\"gutentor-button gutentor-post-button gutentor-icon-after\"  href=\"https:\/\/jvitorwolfart.pinheirasc.com\/index.php\/2022\/06\/29\/desafio-da-robotica-projeteiros\/\" href=\"https:\/\/jvitorwolfart.pinheirasc.com\/index.php\/2022\/06\/29\/desafio-da-robotica-projeteiros\/\"><i class=\"gutentor-button-icon fas fa-graduation-cap\" ><\/i><span>Veja mais&#8230;<\/span><\/a><\/div><\/div><\/article><article class='gutentor-post'><div class='gutentor-post-item'><div class='gutentor-post-image-box'><div class=\"gutentor-image-thumb\"><img loading=\"lazy\" width=\"800\" height=\"500\" src=\"https:\/\/jvitorwolfart.pinheirasc.com\/wp-content\/uploads\/2023\/10\/Programa-Empower-Code-PCD-aprovados-e1696441138528.png\" class=\"attachment-full size-full wp-post-image\" alt=\"\" loading=\"lazy\" srcset=\"https:\/\/jvitorwolfart.pinheirasc.com\/wp-content\/uploads\/2023\/10\/Programa-Empower-Code-PCD-aprovados-e1696441138528.png 800w, https:\/\/jvitorwolfart.pinheirasc.com\/wp-content\/uploads\/2023\/10\/Programa-Empower-Code-PCD-aprovados-e1696441138528-300x188.png 300w, https:\/\/jvitorwolfart.pinheirasc.com\/wp-content\/uploads\/2023\/10\/Programa-Empower-Code-PCD-aprovados-e1696441138528-768x480.png 768w\" sizes=\"100vw\" \/><\/div><\/div><div class=\"gutentor-post-content\"><h3 class=\"gutentor-post-title\"><a href=\"https:\/\/jvitorwolfart.pinheirasc.com\/index.php\/2023\/10\/04\/empower-code-pcd-zenvia\/\" rel=\"bookmark\">Empower Code PcD Zenvia<\/a><\/h3><div class=\"gutentor-post-desc\">Minha experi\u00eancia no programa Empower Code PcD da Zenvia em parceria com a Alura. , Muito obrigado por terem me dado essa oportunidade.<\/div><a class=\"gutentor-button gutentor-post-button gutentor-icon-after\"  href=\"https:\/\/jvitorwolfart.pinheirasc.com\/index.php\/2023\/10\/04\/empower-code-pcd-zenvia\/\" href=\"https:\/\/jvitorwolfart.pinheirasc.com\/index.php\/2023\/10\/04\/empower-code-pcd-zenvia\/\"><i class=\"gutentor-button-icon fas fa-graduation-cap\" ><\/i><span>Veja mais&#8230;<\/span><\/a><\/div><\/div><\/article><article class='gutentor-post'><div class='gutentor-post-item'><div class='gutentor-post-image-box'><div class=\"gutentor-image-thumb\"><img loading=\"lazy\" width=\"330\" height=\"153\" src=\"https:\/\/jvitorwolfart.pinheirasc.com\/wp-content\/uploads\/2022\/07\/ampli.jpeg\" class=\"attachment-full size-full wp-post-image\" alt=\"\" loading=\"lazy\" srcset=\"https:\/\/jvitorwolfart.pinheirasc.com\/wp-content\/uploads\/2022\/07\/ampli.jpeg 330w, https:\/\/jvitorwolfart.pinheirasc.com\/wp-content\/uploads\/2022\/07\/ampli-300x139.jpeg 300w\" sizes=\"100vw\" \/><\/div><\/div><div class=\"gutentor-post-content\"><h3 class=\"gutentor-post-title\"><a href=\"https:\/\/jvitorwolfart.pinheirasc.com\/index.php\/2022\/07\/01\/curso-de-engenharia-de-software\/\" rel=\"bookmark\">Faculdade de Engenharia de software<\/a><\/h3><div class=\"gutentor-post-desc\">Curso de bacharelado, em Engenharia de software na faculdade Anhanguera Pit\u00e1goras Ampli, iniciado em Junho de 2022 com forma\u00e7\u00e3o em Maio de 2025.<\/div><a class=\"gutentor-button gutentor-post-button gutentor-icon-after\"  href=\"https:\/\/jvitorwolfart.pinheirasc.com\/index.php\/2022\/07\/01\/curso-de-engenharia-de-software\/\" href=\"https:\/\/jvitorwolfart.pinheirasc.com\/index.php\/2022\/07\/01\/curso-de-engenharia-de-software\/\"><i class=\"gutentor-button-icon fas fa-graduation-cap\" ><\/i><span>Veja mais&#8230;<\/span><\/a><\/div><\/div><\/article><article class='gutentor-post'><div class='gutentor-post-item'><div class='gutentor-post-image-box'><div class=\"gutentor-image-thumb\"><img loading=\"lazy\" width=\"1541\" height=\"1170\" src=\"https:\/\/jvitorwolfart.pinheirasc.com\/wp-content\/uploads\/2023\/10\/Captura-de-tela-de-2023-10-03-09-30-35.png\" class=\"attachment-full size-full wp-post-image\" alt=\"\" loading=\"lazy\" srcset=\"https:\/\/jvitorwolfart.pinheirasc.com\/wp-content\/uploads\/2023\/10\/Captura-de-tela-de-2023-10-03-09-30-35.png 1541w, https:\/\/jvitorwolfart.pinheirasc.com\/wp-content\/uploads\/2023\/10\/Captura-de-tela-de-2023-10-03-09-30-35-300x228.png 300w, https:\/\/jvitorwolfart.pinheirasc.com\/wp-content\/uploads\/2023\/10\/Captura-de-tela-de-2023-10-03-09-30-35-1024x777.png 1024w, https:\/\/jvitorwolfart.pinheirasc.com\/wp-content\/uploads\/2023\/10\/Captura-de-tela-de-2023-10-03-09-30-35-768x583.png 768w, https:\/\/jvitorwolfart.pinheirasc.com\/wp-content\/uploads\/2023\/10\/Captura-de-tela-de-2023-10-03-09-30-35-1536x1166.png 1536w\" sizes=\"100vw\" \/><\/div><\/div><div class=\"gutentor-post-content\"><h3 class=\"gutentor-post-title\"><a href=\"https:\/\/jvitorwolfart.pinheirasc.com\/index.php\/2023\/10\/03\/formacao-vem-ser-tech-back-end-ada-tech-e-ifood\/\" rel=\"bookmark\">Forma\u00e7\u00e3o Vem Ser Tech | Back End.\u00a0Ada Tech e iFood<\/a><\/h3><div class=\"gutentor-post-desc\">Mais uma etapa est\u00e1 prestes a come\u00e7ar. Recentemente, fui aprovado para a forma\u00e7\u00e3o Vem Ser Tech | Back End da Ada Tech em parceria com o iFood. Obrigado por essa grande oportunidade.<\/div><a class=\"gutentor-button gutentor-post-button gutentor-icon-after\"  href=\"https:\/\/jvitorwolfart.pinheirasc.com\/index.php\/2023\/10\/03\/formacao-vem-ser-tech-back-end-ada-tech-e-ifood\/\" href=\"https:\/\/jvitorwolfart.pinheirasc.com\/index.php\/2023\/10\/03\/formacao-vem-ser-tech-back-end-ada-tech-e-ifood\/\"><i class=\"gutentor-button-icon fas fa-graduation-cap\" ><\/i><span>Veja mais&#8230;<\/span><\/a><\/div><\/div><\/article><article class='gutentor-post'><div class='gutentor-post-item'><div class='gutentor-post-image-box'><div class=\"gutentor-image-thumb\"><img loading=\"lazy\" width=\"500\" height=\"354\" src=\"https:\/\/jvitorwolfart.pinheirasc.com\/wp-content\/uploads\/2022\/06\/certificado-jp-modulo-1-e1656442511743.jpg\" class=\"attachment-full size-full wp-post-image\" alt=\"\" loading=\"lazy\" srcset=\"https:\/\/jvitorwolfart.pinheirasc.com\/wp-content\/uploads\/2022\/06\/certificado-jp-modulo-1-e1656442511743.jpg 500w, https:\/\/jvitorwolfart.pinheirasc.com\/wp-content\/uploads\/2022\/06\/certificado-jp-modulo-1-e1656442511743-300x212.jpg 300w\" sizes=\"100vw\" \/><\/div><\/div><div class=\"gutentor-post-content\"><h3 class=\"gutentor-post-title\"><a href=\"https:\/\/jvitorwolfart.pinheirasc.com\/index.php\/2022\/06\/28\/jovem-programador-senac-modulo-1\/\" rel=\"bookmark\">Jovem Programador Senac m\u00f3dulo 1<\/a><\/h3><div class=\"gutentor-post-desc\">Conclus\u00e3o do m\u00f3dulo 1 Jovem Programador Senac.<\/div><a class=\"gutentor-button gutentor-post-button gutentor-icon-after\"  href=\"https:\/\/jvitorwolfart.pinheirasc.com\/index.php\/2022\/06\/28\/jovem-programador-senac-modulo-1\/\" href=\"https:\/\/jvitorwolfart.pinheirasc.com\/index.php\/2022\/06\/28\/jovem-programador-senac-modulo-1\/\"><i class=\"gutentor-button-icon fas fa-graduation-cap\" ><\/i><span>Veja mais&#8230;<\/span><\/a><\/div><\/div><\/article><article class='gutentor-post'><div class='gutentor-post-item'><div class='gutentor-post-image-box'><div class=\"gutentor-image-thumb\"><img loading=\"lazy\" width=\"1600\" height=\"1166\" src=\"https:\/\/jvitorwolfart.pinheirasc.com\/wp-content\/uploads\/2022\/06\/CERTIFICADO-JP-FRENTE.rotacionado-1.jpeg\" class=\"attachment-full size-full wp-post-image\" alt=\"\" loading=\"lazy\" srcset=\"https:\/\/jvitorwolfart.pinheirasc.com\/wp-content\/uploads\/2022\/06\/CERTIFICADO-JP-FRENTE.rotacionado-1.jpeg 1600w, https:\/\/jvitorwolfart.pinheirasc.com\/wp-content\/uploads\/2022\/06\/CERTIFICADO-JP-FRENTE.rotacionado-1-300x219.jpeg 300w, https:\/\/jvitorwolfart.pinheirasc.com\/wp-content\/uploads\/2022\/06\/CERTIFICADO-JP-FRENTE.rotacionado-1-1024x746.jpeg 1024w, https:\/\/jvitorwolfart.pinheirasc.com\/wp-content\/uploads\/2022\/06\/CERTIFICADO-JP-FRENTE.rotacionado-1-768x560.jpeg 768w, https:\/\/jvitorwolfart.pinheirasc.com\/wp-content\/uploads\/2022\/06\/CERTIFICADO-JP-FRENTE.rotacionado-1-1536x1119.jpeg 1536w\" sizes=\"100vw\" \/><\/div><\/div><div class=\"gutentor-post-content\"><h3 class=\"gutentor-post-title\"><a href=\"https:\/\/jvitorwolfart.pinheirasc.com\/index.php\/2022\/06\/28\/jovem-programador-senac-modulo-2\/\" rel=\"bookmark\">Jovem Programador Senac m\u00f3dulo 2<\/a><\/h3><div class=\"gutentor-post-desc\">Jovem Programador Senac m\u00f3dulo 2 programa\u00e7\u00e3o de sistemas e Hackathon.<\/div><a class=\"gutentor-button gutentor-post-button gutentor-icon-after\"  href=\"https:\/\/jvitorwolfart.pinheirasc.com\/index.php\/2022\/06\/28\/jovem-programador-senac-modulo-2\/\" href=\"https:\/\/jvitorwolfart.pinheirasc.com\/index.php\/2022\/06\/28\/jovem-programador-senac-modulo-2\/\"><i class=\"gutentor-button-icon fas fa-graduation-cap\" ><\/i><span>Veja mais&#8230;<\/span><\/a><\/div><\/div><\/article><article class='gutentor-post'><div class='gutentor-post-item'><div class='gutentor-post-image-box'><div class=\"gutentor-image-thumb\"><img loading=\"lazy\" width=\"1600\" height=\"1117\" src=\"https:\/\/jvitorwolfart.pinheirasc.com\/wp-content\/uploads\/2022\/07\/CERTIFICADO-JP-MODULO3-FRENTE.jpeg\" class=\"attachment-full size-full wp-post-image\" alt=\"\" loading=\"lazy\" srcset=\"https:\/\/jvitorwolfart.pinheirasc.com\/wp-content\/uploads\/2022\/07\/CERTIFICADO-JP-MODULO3-FRENTE.jpeg 1600w, https:\/\/jvitorwolfart.pinheirasc.com\/wp-content\/uploads\/2022\/07\/CERTIFICADO-JP-MODULO3-FRENTE-300x209.jpeg 300w, https:\/\/jvitorwolfart.pinheirasc.com\/wp-content\/uploads\/2022\/07\/CERTIFICADO-JP-MODULO3-FRENTE-1024x715.jpeg 1024w, https:\/\/jvitorwolfart.pinheirasc.com\/wp-content\/uploads\/2022\/07\/CERTIFICADO-JP-MODULO3-FRENTE-768x536.jpeg 768w, https:\/\/jvitorwolfart.pinheirasc.com\/wp-content\/uploads\/2022\/07\/CERTIFICADO-JP-MODULO3-FRENTE-1536x1072.jpeg 1536w\" sizes=\"100vw\" \/><\/div><\/div><div class=\"gutentor-post-content\"><h3 class=\"gutentor-post-title\"><a href=\"https:\/\/jvitorwolfart.pinheirasc.com\/index.php\/2022\/07\/08\/jovem-programador-senac-modulo-3\/\" rel=\"bookmark\">Jovem Programador Senac m\u00f3dulo 3<\/a><\/h3><div class=\"gutentor-post-desc\">Jovem Programador Senac m\u00f3dulo 3 programa\u00e7\u00e3o Web<\/div><a class=\"gutentor-button gutentor-post-button gutentor-icon-after\"  href=\"https:\/\/jvitorwolfart.pinheirasc.com\/index.php\/2022\/07\/08\/jovem-programador-senac-modulo-3\/\" href=\"https:\/\/jvitorwolfart.pinheirasc.com\/index.php\/2022\/07\/08\/jovem-programador-senac-modulo-3\/\"><i class=\"gutentor-button-icon fas fa-graduation-cap\" ><\/i><span>Veja mais&#8230;<\/span><\/a><\/div><\/div><\/article><article class='gutentor-post'><div class='gutentor-post-item'><div class='gutentor-post-image-box'><div class=\"gutentor-image-thumb\"><img loading=\"lazy\" width=\"1113\" height=\"1600\" src=\"https:\/\/jvitorwolfart.pinheirasc.com\/wp-content\/uploads\/2022\/07\/certificado_ensino_medio.jpeg\" class=\"attachment-full size-full wp-post-image\" alt=\"\" loading=\"lazy\" srcset=\"https:\/\/jvitorwolfart.pinheirasc.com\/wp-content\/uploads\/2022\/07\/certificado_ensino_medio.jpeg 1113w, https:\/\/jvitorwolfart.pinheirasc.com\/wp-content\/uploads\/2022\/07\/certificado_ensino_medio-209x300.jpeg 209w, https:\/\/jvitorwolfart.pinheirasc.com\/wp-content\/uploads\/2022\/07\/certificado_ensino_medio-712x1024.jpeg 712w, https:\/\/jvitorwolfart.pinheirasc.com\/wp-content\/uploads\/2022\/07\/certificado_ensino_medio-768x1104.jpeg 768w, https:\/\/jvitorwolfart.pinheirasc.com\/wp-content\/uploads\/2022\/07\/certificado_ensino_medio-1068x1536.jpeg 1068w\" sizes=\"100vw\" \/><\/div><\/div><div class=\"gutentor-post-content\"><h3 class=\"gutentor-post-title\"><a href=\"https:\/\/jvitorwolfart.pinheirasc.com\/index.php\/2022\/07\/01\/minha-formacao-no-ensino-medio\/\" rel=\"bookmark\">Minha forma\u00e7\u00e3o no ensino m\u00e9dio<\/a><\/h3><div class=\"gutentor-post-desc\">Meu hist\u00f3rico escolar do Ensino M\u00e9dio.<\/div><a class=\"gutentor-button gutentor-post-button gutentor-icon-after\"  href=\"https:\/\/jvitorwolfart.pinheirasc.com\/index.php\/2022\/07\/01\/minha-formacao-no-ensino-medio\/\" href=\"https:\/\/jvitorwolfart.pinheirasc.com\/index.php\/2022\/07\/01\/minha-formacao-no-ensino-medio\/\"><i class=\"gutentor-button-icon fas fa-graduation-cap\" ><\/i><span>Veja mais&#8230;<\/span><\/a><\/div><\/div><\/article><article class='gutentor-post'><div class='gutentor-post-item'><div class='gutentor-post-image-box'><div class=\"gutentor-image-thumb\"><img loading=\"lazy\" width=\"500\" height=\"354\" src=\"https:\/\/jvitorwolfart.pinheirasc.com\/wp-content\/uploads\/2022\/06\/Protetor-ambiental-frente-e1656357550204.jpeg\" class=\"attachment-full size-full wp-post-image\" alt=\"\" loading=\"lazy\" srcset=\"https:\/\/jvitorwolfart.pinheirasc.com\/wp-content\/uploads\/2022\/06\/Protetor-ambiental-frente-e1656357550204.jpeg 500w, https:\/\/jvitorwolfart.pinheirasc.com\/wp-content\/uploads\/2022\/06\/Protetor-ambiental-frente-e1656357550204-300x212.jpeg 300w\" sizes=\"100vw\" \/><\/div><\/div><div class=\"gutentor-post-content\"><h3 class=\"gutentor-post-title\"><a href=\"https:\/\/jvitorwolfart.pinheirasc.com\/index.php\/2020\/08\/25\/participacao-no-curso-protetor-ambiental\/\" rel=\"bookmark\">Participa\u00e7\u00e3o no curso Protetor Ambiental<\/a><\/h3><div class=\"gutentor-post-desc\">Minha participa\u00e7\u00e3o no curso Protetor Ambiental promovido pela pol\u00edcia ambiental de Palho\u00e7a.<\/div><a class=\"gutentor-button gutentor-post-button gutentor-icon-after\"  href=\"https:\/\/jvitorwolfart.pinheirasc.com\/index.php\/2020\/08\/25\/participacao-no-curso-protetor-ambiental\/\" href=\"https:\/\/jvitorwolfart.pinheirasc.com\/index.php\/2020\/08\/25\/participacao-no-curso-protetor-ambiental\/\"><i class=\"gutentor-button-icon fas fa-graduation-cap\" ><\/i><span>Veja mais&#8230;<\/span><\/a><\/div><\/div><\/article><\/div><\/div><\/section>","protected":false},"excerpt":{"rendered":"<p>Nesta se\u00e7\u00e3o est\u00e3o meus cursos e minha forma\u00e7\u00e3o, tanto forma\u00e7\u00f5es em andamento, como tamb\u00e9m cursos j\u00e1 conclu\u00eddos. Forma\u00e7\u00e3o em andamento Forma\u00e7\u00e3o conclu\u00edda<\/p>\n","protected":false},"author":1,"featured_media":0,"parent":0,"menu_order":0,"comment_status":"closed","ping_status":"closed","template":"","meta":[],"aioseo_notices":[],"_links":{"self":[{"href":"https:\/\/jvitorwolfart.pinheirasc.com\/index.php\/wp-json\/wp\/v2\/pages\/493"}],"collection":[{"href":"https:\/\/jvitorwolfart.pinheirasc.com\/index.php\/wp-json\/wp\/v2\/pages"}],"about":[{"href":"https:\/\/jvitorwolfart.pinheirasc.com\/index.php\/wp-json\/wp\/v2\/types\/page"}],"author":[{"embeddable":true,"href":"https:\/\/jvitorwolfart.pinheirasc.com\/index.php\/wp-json\/wp\/v2\/users\/1"}],"replies":[{"embeddable":true,"href":"https:\/\/jvitorwolfart.pinheirasc.com\/index.php\/wp-json\/wp\/v2\/comments?post=493"}],"version-history":[{"count":11,"href":"https:\/\/jvitorwolfart.pinheirasc.com\/index.php\/wp-json\/wp\/v2\/pages\/493\/revisions"}],"predecessor-version":[{"id":824,"href":"https:\/\/jvitorwolfart.pinheirasc.com\/index.php\/wp-json\/wp\/v2\/pages\/493\/revisions\/824"}],"wp:attachment":[{"href":"https:\/\/jvitorwolfart.pinheirasc.com\/index.php\/wp-json\/wp\/v2\/media?parent=493"}],"curies":[{"name":"wp","href":"https:\/\/api.w.org\/{rel}","templated":true}]}}